{"id":786,"date":"2019-08-05T20:58:45","date_gmt":"2019-08-05T20:58:45","guid":{"rendered":"http:\/\/www.sportdirigit.org\/?page_id=786"},"modified":"2019-08-05T21:17:49","modified_gmt":"2019-08-05T21:17:49","slug":"quienes-somos","status":"publish","type":"page","link":"http:\/\/www.sportdirigit.org\/es\/quienes-somos\/","title":{"rendered":"Qui\u00e9nes somos"},"content":{"rendered":"\n  <div class=\"banner has-hover\" id=\"banner-537026247\">\n          <div class=\"banner-inner fill\">\n        <div class=\"banner-bg fill\" >\n            <div class=\"bg fill bg-fill \"><\/div>\n                        <div class=\"overlay\"><\/div>            \n                    <\/div><!-- bg-layers -->\n        <div class=\"banner-layers container\">\n            <div class=\"fill banner-link\"><\/div>            \n   <div id=\"text-box-1495464352\" class=\"text-box banner-layer x50 md-x50 lg-x50 y90 md-y90 lg-y85 res-text\">\n                                <div class=\"text dark\">\n              \n              <div class=\"text-inner text-center\">\n                  \n<h1>Qui\u00e9nes somos<\/h1>\n<p>Trabajamos en el \u00e1mbito de la educaci\u00f3n en el ocio.<\/p>\n              <\/div>\n           <\/div><!-- text-box-inner -->\n                            \n<style scope=\"scope\">\n\n#text-box-1495464352 {\n  width: 89%;\n}\n#text-box-1495464352 .text {\n  font-size: 100%;\n}\n\n\n@media (min-width:550px) {\n\n  #text-box-1495464352 {\n    width: 50%;\n  }\n\n}\n<\/style>\n    <\/div><!-- text-box -->\n \n        <\/div><!-- .banner-layers -->\n      <\/div><!-- .banner-inner -->\n\n            \n<style scope=\"scope\">\n\n#banner-537026247 {\n  padding-top: 402px;\n}\n#banner-537026247 .bg.bg-loaded {\n  background-image: url(http:\/\/www.sportdirigit.org\/wp-content\/uploads\/2018\/12\/qui-som-sport-dirigit.jpg);\n}\n#banner-537026247 .overlay {\n  background-color: rgba(45, 51, 63, 0.62);\n}\n#banner-537026247 .bg {\n  background-position: 50%90%;\n}\n\n\n@media (min-width:550px) {\n\n  #banner-537026247 {\n    padding-top: 340px;\n  }\n\n}\n<\/style>\n  <\/div><!-- .banner -->\n\n\n\t<section class=\"section\" id=\"section_808484706\">\n\t\t<div class=\"bg section-bg fill bg-fill  bg-loaded\" >\n\n\t\t\t\n\t\t\t\n\t\t\t\n\n\t\t<\/div><!-- .section-bg -->\n\n\t\t<div class=\"section-content relative\">\n\t\t\t\n<div class=\"row align-center\"  id=\"row-1076757301\">\n<div class=\"col small-9 large-12\"  ><div class=\"col-inner\"  >\n<p class=\"Standard\"><strong>Sport Dirigit somos una empresa de servicios creada y dirigida por maestros y profesionales activos en el mundo de la educaci\u00f3n dedicada a la organizaci\u00f3n y gesti\u00f3n de todo tipo de actividades con ni\u00f1os.\u00a0Nuestros principales clientes son Ayuntamientos, Escuelas, AMPAs y familias que buscan soluciones personalizadas para sus proyectos de ocio.<\/strong><\/p>\n<p>Ofrecemos, entre otros, gesti\u00f3n de recibos, absorci\u00f3n y contrataci\u00f3n de personal, gesti\u00f3n de grupos y un coordinador personal que permite una comunicaci\u00f3n directa y fluida con nosotros a trav\u00e9s de varios canales<\/p>\n<p>Trabajamos en el \u00e1mbito de la educaci\u00f3n en el ocio y por ello creamos todas nuestras actividades pensando en el desarrollo personal de nuestros participantes dentro de un sentido educativo, formativo y sociabilizador.<\/p>\n<p>Sport Dirigit se mueve gracias a la ilusi\u00f3n para ofrecer un servicio de calidad a unos precios justos y reales sin olvidar la gran responsabilidad que conlleva trabajar con ni\u00f1os.<br \/>\nDisponemos y nos regimos a partir de un c\u00f3digo \u00e9tico. Creemos que las personas que forman parte de nuestro equipo son el motor principal de la empresa y es por este motivo que tenemos un equipo de profesionales previamente preparados y legalmente contratados dentro del convenio de ocio.<\/p>\n<\/div><\/div>\n\n<style scope=\"scope\">\n\n<\/style>\n<\/div>\n\t\t<\/div><!-- .section-content -->\n\n\t\t\n<style scope=\"scope\">\n\n#section_808484706 {\n  padding-top: 40px;\n  padding-bottom: 40px;\n}\n\n\n@media (min-width:550px) {\n\n  #section_808484706 {\n    padding-top: 40px;\n    padding-bottom: 40px;\n  }\n\n}\n<\/style>\n\t<\/section>\n\t\n\t<section class=\"section\" id=\"section_1686461726\">\n\t\t<div class=\"bg section-bg fill bg-fill  bg-loaded\" >\n\n\t\t\t\n\t\t\t\n\t\t\t\n\n\t\t<\/div><!-- .section-bg -->\n\n\t\t<div class=\"section-content relative\">\n\t\t\t\n<div class=\"row align-center\"  id=\"row-1977758803\">\n<div class=\"col medium-5 small-12 large-5\"  ><div class=\"col-inner\"  >\n<div class=\"gap-element\" style=\"display:block; height:auto; padding-top:50px\" class=\"clearfix\"><\/div>\n<div class=\"row align-center\"  id=\"row-663064577\">\n<div class=\"col small-10 large-12\"  ><div class=\"col-inner text-center\" style=\"padding:0px 0px 0px 0px;margin:0px 0px -37px 0px;\" >\n<h1><span style=\"font-size: 140%;\">C\u00f3digo \u00c9tico<\/span><\/h1>\n<p>SPORT DIRIGIT \u00a0<strong>basa y fundamenta toda su metodolog\u00eda en un c\u00f3digo \u00e9tico<\/strong>.<\/p>\n<\/div><\/div>\n\n<style scope=\"scope\">\n\n<\/style>\n<\/div>\n<\/div><\/div>\n\n<style scope=\"scope\">\n\n<\/style>\n<\/div>\n<div class=\"row align-center\"  id=\"row-2105384293\">\n<div class=\"col medium-3 small-10 large-3\"  ><div class=\"col-inner\"  >\n\n\t\t<div class=\"icon-box featured-box icon-box-left text-left\"  >\n\t\t\t\t\t<div class=\"icon-box-img\" style=\"width: 77px\">\n\t\t\t\t<div class=\"icon\">\n\t\t\t\t\t<div class=\"icon-inner\" >\n\t\t\t\t\t\t<img width=\"80\" height=\"80\" src=\"http:\/\/www.sportdirigit.org\/wp-content\/uploads\/2018\/11\/compromis-icon-3.png\" class=\"attachment-medium size-medium\" alt=\"\" loading=\"lazy\" \/>\t\t\t\t\t<\/div>\n\t\t\t\t<\/div>\n\t\t\t<\/div>\n\t\t\t\t<div class=\"icon-box-text last-reset\">\n\t\t\t\t\t\t\t\t\t\n<div class=\"gap-element\" style=\"display:block; height:auto; padding-top:10px\" class=\"clearfix\"><\/div>\n<h3 style=\"text-align: left;\"><span style=\"font-size: 100%;\">Comprommiso<\/span><\/h3>\n<p style=\"text-align: left;\">Principios b\u00e1sicos de compromiso <strong>con la ense\u00f1anza y el ocio<\/strong><\/p>\n<div class=\"gap-element\" style=\"display:block; height:auto; padding-top:30px\" class=\"clearfix\"><\/div>\n\t\t<\/div>\n\t<\/div><!-- .icon-box -->\n\t\n\t\n\n\t\t<div class=\"icon-box featured-box icon-box-left text-left\"  >\n\t\t\t\t\t<div class=\"icon-box-img\" style=\"width: 77px\">\n\t\t\t\t<div class=\"icon\">\n\t\t\t\t\t<div class=\"icon-inner\" >\n\t\t\t\t\t\t<img width=\"80\" height=\"80\" src=\"http:\/\/www.sportdirigit.org\/wp-content\/uploads\/2018\/11\/aprenentatge-icon.png\" class=\"attachment-medium size-medium\" alt=\"\" loading=\"lazy\" \/>\t\t\t\t\t<\/div>\n\t\t\t\t<\/div>\n\t\t\t<\/div>\n\t\t\t\t<div class=\"icon-box-text last-reset\">\n\t\t\t\t\t\t\t\t\t\n<div class=\"gap-element\" style=\"display:block; height:auto; padding-top:10px\" class=\"clearfix\"><\/div>\n<h3>Aprendizaje<\/h3>\n<p style=\"text-align: left;\">Facilitar y\u00a0<strong>promover el aprendizaje de los ni\u00f1os y j\u00f3venes<\/strong><\/p>\n<div class=\"gap-element\" style=\"display:block; height:auto; padding-top:30px\" class=\"clearfix\"><\/div>\n\t\t<\/div>\n\t<\/div><!-- .icon-box -->\n\t\n\t\n\n\t\t<div class=\"icon-box featured-box icon-box-left text-left\"  >\n\t\t\t\t\t<div class=\"icon-box-img\" style=\"width: 77px\">\n\t\t\t\t<div class=\"icon\">\n\t\t\t\t\t<div class=\"icon-inner\" >\n\t\t\t\t\t\t<img width=\"80\" height=\"80\" src=\"http:\/\/www.sportdirigit.org\/wp-content\/uploads\/2018\/11\/honestitat.icon_.png\" class=\"attachment-medium size-medium\" alt=\"\" loading=\"lazy\" \/>\t\t\t\t\t<\/div>\n\t\t\t\t<\/div>\n\t\t\t<\/div>\n\t\t\t\t<div class=\"icon-box-text last-reset\">\n\t\t\t\t\t\t\t\t\t\n<div class=\"gap-element\" style=\"display:block; height:auto; padding-top:10px\" class=\"clearfix\"><\/div>\n<h3>Honestidad<\/h3>\n<p style=\"text-align: left;\"><strong>Trabajar de manera honesta<\/strong>\u00a0en el conjunto de nuestras acciones y servicios<\/p>\n<div class=\"gap-element\" style=\"display:block; height:auto; padding-top:30px\" class=\"clearfix\"><\/div>\n\t\t<\/div>\n\t<\/div><!-- .icon-box -->\n\t\n\t\n<\/div><\/div>\n<div class=\"col medium-6 small-10 large-6\"  ><div class=\"col-inner text-center\"  >\n<div class=\"gap-element\" style=\"display:block; height:auto; padding-top:36px\" class=\"clearfix\"><\/div>\n\t<div class=\"img has-hover x md-x lg-x y md-y lg-y\" id=\"image_1636296737\">\n\t\t\t\t\t\t\t\t<div class=\"img-inner dark\" >\n\t\t\t<img width=\"1000\" height=\"1200\" src=\"http:\/\/www.sportdirigit.org\/wp-content\/uploads\/2018\/12\/codi-etic-foto.jpg\" class=\"attachment-original size-original\" alt=\"\" loading=\"lazy\" srcset=\"http:\/\/www.sportdirigit.org\/wp-content\/uploads\/2018\/12\/codi-etic-foto.jpg 1000w, http:\/\/www.sportdirigit.org\/wp-content\/uploads\/2018\/12\/codi-etic-foto-600x720.jpg 600w, http:\/\/www.sportdirigit.org\/wp-content\/uploads\/2018\/12\/codi-etic-foto-250x300.jpg 250w, http:\/\/www.sportdirigit.org\/wp-content\/uploads\/2018\/12\/codi-etic-foto-768x922.jpg 768w, http:\/\/www.sportdirigit.org\/wp-content\/uploads\/2018\/12\/codi-etic-foto-853x1024.jpg 853w\" sizes=\"(max-width: 1000px) 100vw, 1000px\" \/>\t\t\t\t\t\t\n\t\t\t\t\t<\/div>\n\t\t\t\t\t\t\t\t\n<style scope=\"scope\">\n\n#image_1636296737 {\n  width: 84%;\n}\n<\/style>\n\t<\/div>\n\t\n<\/div><\/div>\n<div class=\"col medium-3 small-10 large-3\"  ><div class=\"col-inner text-right\"  >\n\n\t\t<div class=\"icon-box featured-box icon-box-right text-right\"  >\n\t\t\t\t\t<div class=\"icon-box-img\" style=\"width: 77px\">\n\t\t\t\t<div class=\"icon\">\n\t\t\t\t\t<div class=\"icon-inner\" >\n\t\t\t\t\t\t<img width=\"80\" height=\"80\" src=\"http:\/\/www.sportdirigit.org\/wp-content\/uploads\/2018\/11\/professionalitat-icon.png\" class=\"attachment-medium size-medium\" alt=\"\" loading=\"lazy\" \/>\t\t\t\t\t<\/div>\n\t\t\t\t<\/div>\n\t\t\t<\/div>\n\t\t\t\t<div class=\"icon-box-text last-reset\">\n\t\t\t\t\t\t\t\t\t\n<div class=\"gap-element\" style=\"display:block; height:auto; padding-top:10px\" class=\"clearfix\"><\/div>\n<h3 style=\"text-align: right;\"><span style=\"font-size: 100%;\">Profesionalidad<\/span><\/h3>\n<p style=\"text-align: right;\"><strong>Garantizar las titulaciones y compromiso<\/strong>\u00a0de los profesionales<\/p>\n<div class=\"gap-element\" style=\"display:block; height:auto; padding-top:30px\" class=\"clearfix\"><\/div>\n\t\t<\/div>\n\t<\/div><!-- .icon-box -->\n\t\n\t\n\n\t\t<div class=\"icon-box featured-box icon-box-right text-right\"  >\n\t\t\t\t\t<div class=\"icon-box-img\" style=\"width: 77px\">\n\t\t\t\t<div class=\"icon\">\n\t\t\t\t\t<div class=\"icon-inner\" >\n\t\t\t\t\t\t<img width=\"80\" height=\"80\" src=\"http:\/\/www.sportdirigit.org\/wp-content\/uploads\/2018\/11\/legalitat-icon.png\" class=\"attachment-medium size-medium\" alt=\"\" loading=\"lazy\" \/>\t\t\t\t\t<\/div>\n\t\t\t\t<\/div>\n\t\t\t<\/div>\n\t\t\t\t<div class=\"icon-box-text last-reset\">\n\t\t\t\t\t\t\t\t\t\n<div class=\"gap-element\" style=\"display:block; height:auto; padding-top:10px\" class=\"clearfix\"><\/div>\n<h3 style=\"text-align: right;\"><span style=\"font-size: 100%;\">Legalidad<\/span><\/h3>\n<p style=\"text-align: right;\"><strong>Cumplir la normativa vigente<\/strong>para nuestra labor<\/p>\n<div class=\"gap-element\" style=\"display:block; height:auto; padding-top:30px\" class=\"clearfix\"><\/div>\n\t\t<\/div>\n\t<\/div><!-- .icon-box -->\n\t\n\t\n\n\t\t<div class=\"icon-box featured-box icon-box-right text-right\"  >\n\t\t\t\t\t<div class=\"icon-box-img\" style=\"width: 77px\">\n\t\t\t\t<div class=\"icon\">\n\t\t\t\t\t<div class=\"icon-inner\" >\n\t\t\t\t\t\t<img width=\"80\" height=\"80\" src=\"http:\/\/www.sportdirigit.org\/wp-content\/uploads\/2018\/11\/respecte-icon.png\" class=\"attachment-medium size-medium\" alt=\"\" loading=\"lazy\" \/>\t\t\t\t\t<\/div>\n\t\t\t\t<\/div>\n\t\t\t<\/div>\n\t\t\t\t<div class=\"icon-box-text last-reset\">\n\t\t\t\t\t\t\t\t\t\n<div class=\"gap-element\" style=\"display:block; height:auto; padding-top:10px\" class=\"clearfix\"><\/div>\n<h3 style=\"text-align: right;\"><span style=\"font-size: 100%;\">Respeto<\/span><\/h3>\n<p style=\"text-align: right;\">Mantener una\u00a0<strong>actitud respetuosa<\/strong>\u00a0y de la misma manera, exigirla.<\/p>\n\t\t<\/div>\n\t<\/div><!-- .icon-box -->\n\t\n\t\n<\/div><\/div>\n\n<style scope=\"scope\">\n\n<\/style>\n<\/div>\n\t\t<\/div><!-- .section-content -->\n\n\t\t\n<style scope=\"scope\">\n\n#section_1686461726 {\n  padding-top: 30px;\n  padding-bottom: 30px;\n  background-color: rgb(249, 249, 249);\n}\n<\/style>\n\t<\/section>\n\t\n\t<section class=\"section\" id=\"section_1345951332\">\n\t\t<div class=\"bg section-bg fill bg-fill  bg-loaded\" >\n\n\t\t\t\n\t\t\t\n\t\t\t\n\n\t\t<\/div><!-- .section-bg -->\n\n\t\t<div class=\"section-content relative\">\n\t\t\t\n<div class=\"row align-center\"  id=\"row-555760522\">\n<div class=\"col small-9 large-12\"  ><div class=\"col-inner\"  >\n<div class=\"container section-title-container\" ><h2 class=\"section-title section-title-center\"><b><\/b><span class=\"section-title-main\" >Instalaciones de D&amp;D Servicios, actual gestora de Sport Dirigit en Sabadell<\/span><b><\/b><\/h2><\/div><!-- .section-title -->\n<p><iframe style=\"border: 0;\" src=\"https:\/\/www.google.com\/maps\/embed?pb=!1m0!3m2!1ses!2ses!4v1447854920777!6m8!1m7!1sjEPsantBJHYAAAQvOZIS2Q!2m2!1d41.55567878712929!2d2.093783365662603!3f261!4f0!5f0.7820865974627469\" width=\"100%\" height=\"700\" frameborder=\"0\" allowfullscreen=\"allowfullscreen\"><\/iframe><\/p>\n<\/div><\/div>\n\n<style scope=\"scope\">\n\n<\/style>\n<\/div>\n\t\t<\/div><!-- .section-content -->\n\n\t\t\n<style scope=\"scope\">\n\n#section_1345951332 {\n  padding-top: 40px;\n  padding-bottom: 40px;\n}\n\n\n@media (min-width:550px) {\n\n  #section_1345951332 {\n    padding-top: 40px;\n    padding-bottom: 40px;\n  }\n\n}\n<\/style>\n\t<\/section>\n\t\n\n  <div class=\"banner has-hover\" id=\"banner-276768930\">\n          <div class=\"banner-inner fill\">\n        <div class=\"banner-bg fill\" >\n            <div class=\"bg fill bg-fill \"><\/div>\n                        <div class=\"overlay\"><\/div>            \n                    <\/div><!-- bg-layers -->\n        <div class=\"banner-layers container\">\n            <div class=\"fill banner-link\"><\/div>            \n   <div id=\"text-box-806933263\" class=\"text-box banner-layer x50 md-x50 lg-x50 y50 md-y50 lg-y50 res-text\">\n                                <div class=\"text dark\">\n              \n              <div class=\"text-inner text-center\">\n                  \n<h2 style=\"text-align: center;\"><span style=\"font-size: 85%;\"> Contacta con nosotros para m\u00e1s informaci\u00f3n<\/span><\/h2>\n<div class=\"gap-element\" style=\"display:block; height:auto; padding-top:16px\" class=\"clearfix\"><\/div>\n<a href=\"\/contacte\/\" target=\"_self\" class=\"button white is-outline\"  style=\"border-radius:99px;\">\n    <span>contacto<\/span>\n  <\/a>\n\n              <\/div>\n           <\/div><!-- text-box-inner -->\n                            \n<style scope=\"scope\">\n\n#text-box-806933263 {\n  width: 74%;\n}\n#text-box-806933263 .text {\n  font-size: 100%;\n}\n<\/style>\n    <\/div><!-- text-box -->\n \n        <\/div><!-- .banner-layers -->\n      <\/div><!-- .banner-inner -->\n\n            \n<style scope=\"scope\">\n\n#banner-276768930 {\n  padding-top: 320px;\n}\n#banner-276768930 .overlay {\n  background-color: rgba(18,170,158,0.15);\n}\n\n\n@media (min-width:550px) {\n\n  #banner-276768930 {\n    padding-top: 220px;\n  }\n\n}\n<\/style>\n  <\/div><!-- .banner -->\n\n\n","protected":false},"excerpt":{"rendered":"","protected":false},"author":1,"featured_media":0,"parent":0,"menu_order":0,"comment_status":"closed","ping_status":"closed","template":"page-transparent-header.php","meta":[],"_links":{"self":[{"href":"http:\/\/www.sportdirigit.org\/es\/wp-json\/wp\/v2\/pages\/786"}],"collection":[{"href":"http:\/\/www.sportdirigit.org\/es\/wp-json\/wp\/v2\/pages"}],"about":[{"href":"http:\/\/www.sportdirigit.org\/es\/wp-json\/wp\/v2\/types\/page"}],"author":[{"embeddable":true,"href":"http:\/\/www.sportdirigit.org\/es\/wp-json\/wp\/v2\/users\/1"}],"replies":[{"embeddable":true,"href":"http:\/\/www.sportdirigit.org\/es\/wp-json\/wp\/v2\/comments?post=786"}],"version-history":[{"count":4,"href":"http:\/\/www.sportdirigit.org\/es\/wp-json\/wp\/v2\/pages\/786\/revisions"}],"predecessor-version":[{"id":803,"href":"http:\/\/www.sportdirigit.org\/es\/wp-json\/wp\/v2\/pages\/786\/revisions\/803"}],"wp:attachment":[{"href":"http:\/\/www.sportdirigit.org\/es\/wp-json\/wp\/v2\/media?parent=786"}],"curies":[{"name":"wp","href":"https:\/\/api.w.org\/{rel}","templated":true}]}}