{"id":792,"date":"2019-08-05T21:11:01","date_gmt":"2019-08-05T21:11:01","guid":{"rendered":"http:\/\/www.sportdirigit.org\/?page_id=792"},"modified":"2019-08-05T21:18:17","modified_gmt":"2019-08-05T21:18:17","slug":"actividades-coescolars","status":"publish","type":"page","link":"http:\/\/www.sportdirigit.org\/es\/actividades-coescolars\/","title":{"rendered":"Actividades coescolars"},"content":{"rendered":"\n  <div class=\"banner has-hover\" id=\"banner-1595603639\">\n          <div class=\"banner-inner fill\">\n        <div class=\"banner-bg fill\" >\n            <div class=\"bg fill bg-fill \"><\/div>\n                        <div class=\"overlay\"><\/div>            \n                    <\/div><!-- bg-layers -->\n        <div class=\"banner-layers container\">\n            <div class=\"fill banner-link\"><\/div>            \n   <div id=\"text-box-1012146060\" class=\"text-box banner-layer x50 md-x50 lg-x50 y90 md-y90 lg-y85 res-text\">\n                                <div class=\"text dark\">\n              \n              <div class=\"text-inner text-center\">\n                  \n<h1>Actividades coescolars<\/h1>\n<p>Gestionamos las activitdades coescolars, ofreciendo nuestra experiencia en el sector del ocio y la educaci\u00f3n.<\/p>\n              <\/div>\n           <\/div><!-- text-box-inner -->\n                            \n<style scope=\"scope\">\n\n#text-box-1012146060 {\n  width: 89%;\n}\n#text-box-1012146060 .text {\n  font-size: 100%;\n}\n\n\n@media (min-width:550px) {\n\n  #text-box-1012146060 {\n    width: 50%;\n  }\n\n}\n<\/style>\n    <\/div><!-- text-box -->\n \n        <\/div><!-- .banner-layers -->\n      <\/div><!-- .banner-inner -->\n\n            \n<style scope=\"scope\">\n\n#banner-1595603639 {\n  padding-top: 402px;\n}\n#banner-1595603639 .bg.bg-loaded {\n  background-image: url(http:\/\/www.sportdirigit.org\/wp-content\/uploads\/2018\/12\/activitats-coescolars-sport-dirigit.jpg);\n}\n#banner-1595603639 .overlay {\n  background-color: rgba(45, 51, 63, 0.62);\n}\n#banner-1595603639 .bg {\n  background-position: 50%70%;\n}\n\n\n@media (min-width:550px) {\n\n  #banner-1595603639 {\n    padding-top: 340px;\n  }\n\n}\n<\/style>\n  <\/div><!-- .banner -->\n\n\n\t<section class=\"section\" id=\"section_243354061\">\n\t\t<div class=\"bg section-bg fill bg-fill  bg-loaded\" >\n\n\t\t\t\n\t\t\t\n\t\t\t\n\n\t\t<\/div><!-- .section-bg -->\n\n\t\t<div class=\"section-content relative\">\n\t\t\t\n<div class=\"row align-center\"  id=\"row-360019488\">\n<div class=\"col small-9 large-12\"  ><div class=\"col-inner\"  >\n<h4 style=\"text-align: left;\"><span style=\"font-size: 140%;\"><img loading=\"lazy\" class=\"size-full wp-image-55 alignleft\" src=\"http:\/\/www.sportdirigit.org\/wp-content\/uploads\/2018\/11\/lleure-icon.png\" alt=\"\" width=\"140\" height=\"140\" srcset=\"http:\/\/www.sportdirigit.org\/wp-content\/uploads\/2018\/11\/lleure-icon.png 140w, http:\/\/www.sportdirigit.org\/wp-content\/uploads\/2018\/11\/lleure-icon-100x100.png 100w\" sizes=\"(max-width: 140px) 100vw, 140px\" \/>Adaptamos nuestra oferta de actividades a las necesidades y peticiones de cada Centro, AMPA o Entidad<\/span><\/h4>\n<p class=\"Standard\">Queremos col laborar en el desarrollo del curso a trav\u00e9s de la gesti\u00f3n de las actividades coescolares, ofreciendo nuestra experiencia en el sector del ocio y educaci\u00f3n.<\/p>\n<hr \/>\n<p class=\"Standard\">Los principales objetivos que queremos difundir en nuestra tarea son:<\/p>\n<ul>\n<li><strong>Seguir la evoluci\u00f3n de los participantes e informar a las familias con informes trimestrales.<\/strong><\/li>\n<\/ul>\n<ul>\n<li>Disfrutar de las actividades y al mismo tiempo potenciar el di\u00e1logo ante los conflictos.<\/strong>.<\/li>\n<\/ul>\n<ul>\n<li><strong>Tener pertenencia de grupo y conocer nuevos compa\u00f1eros y compa\u00f1eras potenciando los v\u00ednculos relacionales.<\/li>\n<\/ul>\n<ul>\n<li><strong>Trabajar h\u00e1bitos actitudinales como el bienestar, la higiene personal, el cuidado por el entorno y el material y el respeto por la seguridad.<\/li>\n<\/ul>\n<h4 style=\"text-align: left;\"><span style=\"font-size: 140%;\">Os presentamos nuestra propuesta de actividades extraescolares gen\u00e9rica y estamos abiertos a cualquier sugerencia.<\/span><\/h4>\n<\/div><\/div>\n<div class=\"col medium-3 small-9 large-3\"  ><div class=\"col-inner text-center\"  >\n<p style=\"text-align: center;\"><img loading=\"lazy\" class=\"size-full wp-image-133 aligncenter\" src=\"http:\/\/www.sportdirigit.org\/wp-content\/uploads\/2018\/12\/flecha-icon.png\" alt=\"\" width=\"80\" height=\"80\" \/><\/p>\n<p><span style=\"font-size: 120%;\">Psicomotricidad<\/span><\/p>\n<hr \/>\n<p>&nbsp;<\/p>\n<\/div><\/div>\n<div class=\"col medium-3 small-9 large-3\"  ><div class=\"col-inner text-center\"  >\n<p style=\"text-align: center;\"><img loading=\"lazy\" class=\"size-full wp-image-133 aligncenter\" src=\"http:\/\/www.sportdirigit.org\/wp-content\/uploads\/2018\/12\/flecha-icon.png\" alt=\"\" width=\"80\" height=\"80\" \/><\/p>\n<p><span style=\"font-size: 120%;\">Deportes de equipo (F\u00fatbol Sala, F\u00fatbol 7, Baloncesto, Voleibol &#8230;)<\/span><\/p>\n<hr \/>\n<p>&nbsp;<\/p>\n<\/div><\/div>\n<div class=\"col medium-3 small-9 large-3\"  ><div class=\"col-inner text-center\"  >\n<p style=\"text-align: center;\"><img loading=\"lazy\" class=\"size-full wp-image-133 aligncenter\" src=\"http:\/\/www.sportdirigit.org\/wp-content\/uploads\/2018\/12\/flecha-icon.png\" alt=\"\" width=\"80\" height=\"80\" \/><\/p>\n<p><span style=\"font-size: 120%;\">Polideportivo<\/span><\/p>\n<hr \/>\n<p>&nbsp;<\/p>\n<\/div><\/div>\n<div class=\"col medium-3 small-9 large-3\"  ><div class=\"col-inner text-center\"  >\n<p style=\"text-align: center;\"><img loading=\"lazy\" class=\"size-full wp-image-133 aligncenter\" src=\"http:\/\/www.sportdirigit.org\/wp-content\/uploads\/2018\/12\/flecha-icon.png\" alt=\"\" width=\"80\" height=\"80\" \/><\/p>\n<p><span style=\"font-size: 120%;\">Tenis-Tabla<\/span><\/p>\n<hr \/>\n<p>&nbsp;<\/p>\n<\/div><\/div>\n<div class=\"col medium-3 small-9 large-3\"  ><div class=\"col-inner text-center\"  >\n<p style=\"text-align: center;\"><img loading=\"lazy\" class=\"size-full wp-image-133 aligncenter\" src=\"http:\/\/www.sportdirigit.org\/wp-content\/uploads\/2018\/12\/flecha-icon.png\" alt=\"\" width=\"80\" height=\"80\" \/><\/p>\n<p><span style=\"font-size: 120%;\">Artes Marciales<\/span><\/p>\n<hr \/>\n<p>&nbsp;<\/p>\n<\/div><\/div>\n<div class=\"col medium-3 small-9 large-3\"  ><div class=\"col-inner text-center\"  >\n<p style=\"text-align: center;\"><img loading=\"lazy\" class=\"size-full wp-image-133 aligncenter\" src=\"http:\/\/www.sportdirigit.org\/wp-content\/uploads\/2018\/12\/flecha-icon.png\" alt=\"\" width=\"80\" height=\"80\" \/><\/p>\n<p><span style=\"font-size: 120%;\">Gimnasia R\u00edtmica <\/span><\/p>\n<hr \/>\n<p>&nbsp;<\/p>\n<\/div><\/div>\n<div class=\"col medium-3 small-9 large-3\"  ><div class=\"col-inner text-center\"  >\n<p style=\"text-align: center;\"><img loading=\"lazy\" class=\"size-full wp-image-133 aligncenter\" src=\"http:\/\/www.sportdirigit.org\/wp-content\/uploads\/2018\/12\/flecha-icon.png\" alt=\"\" width=\"80\" height=\"80\" \/><\/p>\n<p><span style=\"font-size: 120%;\">Hip-Hop<\/span><\/p>\n<hr \/>\n<p>&nbsp;<\/p>\n<\/div><\/div>\n<div class=\"col medium-3 small-9 large-3\"  ><div class=\"col-inner text-center\"  >\n<p style=\"text-align: center;\"><img loading=\"lazy\" class=\"size-full wp-image-133 aligncenter\" src=\"http:\/\/www.sportdirigit.org\/wp-content\/uploads\/2018\/12\/flecha-icon.png\" alt=\"\" width=\"80\" height=\"80\" \/><\/p>\n<p><span style=\"font-size: 120%;\">Teatre<\/span><\/p>\n<hr \/>\n<p>&nbsp;<\/p>\n<\/div><\/div>\n<div class=\"col medium-3 small-9 large-3\"  ><div class=\"col-inner text-center\"  >\n<p style=\"text-align: center;\"><img loading=\"lazy\" class=\"size-full wp-image-133 aligncenter\" src=\"http:\/\/www.sportdirigit.org\/wp-content\/uploads\/2018\/12\/flecha-icon.png\" alt=\"\" width=\"80\" height=\"80\" \/><\/p>\n<p><span style=\"font-size: 120%;\">Manualidades\/ Dibujo\u00a0<\/span><\/p>\n<hr \/>\n<p>&nbsp;<\/p>\n<\/div><\/div>\n<div class=\"col medium-3 small-9 large-3\"  ><div class=\"col-inner text-center\"  >\n<p style=\"text-align: center;\"><img loading=\"lazy\" class=\"size-full wp-image-133 aligncenter\" src=\"http:\/\/www.sportdirigit.org\/wp-content\/uploads\/2018\/12\/flecha-icon.png\" alt=\"\" width=\"80\" height=\"80\" \/><\/p>\n<p><span style=\"font-size: 120%;\">Ajedrez<\/span><\/p>\n<hr \/>\n<p>&nbsp;<\/p>\n<\/div><\/div>\n<div class=\"col medium-3 small-9 large-3\"  ><div class=\"col-inner text-center\"  >\n<p style=\"text-align: center;\"><img loading=\"lazy\" class=\"size-full wp-image-133 aligncenter\" src=\"http:\/\/www.sportdirigit.org\/wp-content\/uploads\/2018\/12\/flecha-icon.png\" alt=\"\" width=\"80\" height=\"80\" \/><\/p>\n<p><span style=\"font-size: 120%;\"> Educaci\u00f3n Emocional<\/span><\/p>\n<hr \/>\n<p>&nbsp;<\/p>\n<\/div><\/div>\n<div class=\"col medium-3 small-9 large-3\"  ><div class=\"col-inner text-center\"  >\n<\/div><\/div>\n\n<style scope=\"scope\">\n\n<\/style>\n<\/div>\n\t\t<\/div><!-- .section-content -->\n\n\t\t\n<style scope=\"scope\">\n\n#section_243354061 {\n  padding-top: 40px;\n  padding-bottom: 40px;\n}\n\n\n@media (min-width:550px) {\n\n  #section_243354061 {\n    padding-top: 40px;\n    padding-bottom: 40px;\n  }\n\n}\n<\/style>\n\t<\/section>\n\t\n\t<section class=\"section\" id=\"section_1913652452\">\n\t\t<div class=\"bg section-bg fill bg-fill  bg-loaded\" >\n\n\t\t\t\n\t\t\t\n\t\t\t\n\n\t\t<\/div><!-- .section-bg -->\n\n\t\t<div class=\"section-content relative\">\n\t\t\t\n<div class=\"row align-center\"  id=\"row-603628258\">\n<div class=\"col medium-5 small-12 large-5\"  ><div class=\"col-inner\"  >\n<div class=\"gap-element\" style=\"display:block; height:auto; padding-top:50px\" class=\"clearfix\"><\/div>\n<div class=\"row align-center\"  id=\"row-1588633651\">\n<div class=\"col small-10 large-12\"  ><div class=\"col-inner text-center\" style=\"padding:0px 0px 0px 0px;margin:0px 0px -37px 0px;\" >\n<h1 style=\"text-align: center;\">\u00a0<img loading=\"lazy\" class=\" wp-image-141 alignnone\" src=\"http:\/\/www.sportdirigit.org\/wp-content\/uploads\/2018\/12\/icono-ingles.png\" alt=\"\" width=\"48\" height=\"44\" \/><\/h1>\n<h1><span style=\"font-size: 140%;\">Actividades en ingl\u00e9s<\/span><\/h1>\n<p>SPORT DIRIGIT\u00a0<strong>ofrece las siguientes actividades en ingl\u00e9s:<\/strong><\/p>\n<\/div><\/div>\n\n<style scope=\"scope\">\n\n<\/style>\n<\/div>\n<\/div><\/div>\n\n<style scope=\"scope\">\n\n<\/style>\n<\/div>\n<div class=\"row align-center\"  id=\"row-1213439004\">\n<div class=\"col medium-4 small-9 large-4\"  ><div class=\"col-inner text-center\"  >\n<p style=\"text-align: center;\"><img loading=\"lazy\" class=\"size-full wp-image-133 aligncenter\" src=\"http:\/\/www.sportdirigit.org\/wp-content\/uploads\/2018\/12\/flecha-icon.png\" alt=\"\" width=\"80\" height=\"80\" \/><\/p>\n<p><span style=\"font-size: 120%;\"> \u2022 Creaci\u00f3n de Videojuegos y Programaci\u00f3n<\/span><\/p>\n<hr \/>\n<p>&nbsp;<\/p>\n<\/div><\/div>\n<div class=\"col medium-4 small-9 large-4\"  ><div class=\"col-inner text-center\"  >\n<p style=\"text-align: center;\"><img loading=\"lazy\" class=\"size-full wp-image-133 aligncenter\" src=\"http:\/\/www.sportdirigit.org\/wp-content\/uploads\/2018\/12\/flecha-icon.png\" alt=\"\" width=\"80\" height=\"80\" \/><\/p>\n<p><span style=\"font-size: 120%;\">LEGO\u00ae Education ROBOTIX<\/span><\/p>\n<hr \/>\n<p>&nbsp;<\/p>\n<\/div><\/div>\n\n<style scope=\"scope\">\n\n<\/style>\n<\/div>\n\t\t<\/div><!-- .section-content -->\n\n\t\t\n<style scope=\"scope\">\n\n#section_1913652452 {\n  padding-top: 30px;\n  padding-bottom: 30px;\n  background-color: rgb(249, 249, 249);\n}\n<\/style>\n\t<\/section>\n\t\n\n  <div class=\"banner has-hover\" id=\"banner-1650807154\">\n          <div class=\"banner-inner fill\">\n        <div class=\"banner-bg fill\" >\n            <div class=\"bg fill bg-fill \"><\/div>\n                        <div class=\"overlay\"><\/div>            \n                    <\/div><!-- bg-layers -->\n        <div class=\"banner-layers container\">\n            <div class=\"fill banner-link\"><\/div>            \n   <div id=\"text-box-1490907983\" class=\"text-box banner-layer x50 md-x50 lg-x50 y50 md-y50 lg-y50 res-text\">\n                                <div class=\"text dark\">\n              \n              <div class=\"text-inner text-center\">\n                  \n<h2 style=\"text-align: center;\"><span style=\"font-size: 85%;\"> Contacta&#8217;ns amb nosaltres per a m\u00e9s informaci\u00f3<\/span><\/h2>\n<div class=\"gap-element\" style=\"display:block; height:auto; padding-top:16px\" class=\"clearfix\"><\/div>\n<a rel=\"noopener noreferrer\" href=\"http:\/\/www.sportdirigit.org\/wp-content\/uploads\/2018\/12\/ACT-COESCOLARS-SPORT-DIRIGIT-.pdf\" target=\"_blank\" class=\"button white is-outline\"  style=\"border-radius:99px;\">\n    <span>descarregar pdf informatiu<\/span>\n  <\/a>\n\n<a href=\"\/contacto\/\" target=\"_self\" class=\"button white is-outline\"  style=\"border-radius:99px;\">\n    <span>contacte<\/span>\n  <\/a>\n\n              <\/div>\n           <\/div><!-- text-box-inner -->\n                            \n<style scope=\"scope\">\n\n#text-box-1490907983 {\n  width: 74%;\n}\n#text-box-1490907983 .text {\n  font-size: 100%;\n}\n<\/style>\n    <\/div><!-- text-box -->\n \n        <\/div><!-- .banner-layers -->\n      <\/div><!-- .banner-inner -->\n\n            \n<style scope=\"scope\">\n\n#banner-1650807154 {\n  padding-top: 320px;\n}\n#banner-1650807154 .overlay {\n  background-color: rgba(18,170,158,0.15);\n}\n\n\n@media (min-width:550px) {\n\n  #banner-1650807154 {\n    padding-top: 220px;\n  }\n\n}\n<\/style>\n  <\/div><!-- .banner -->\n\n\n","protected":false},"excerpt":{"rendered":"","protected":false},"author":1,"featured_media":0,"parent":0,"menu_order":0,"comment_status":"closed","ping_status":"closed","template":"page-transparent-header.php","meta":[],"_links":{"self":[{"href":"http:\/\/www.sportdirigit.org\/es\/wp-json\/wp\/v2\/pages\/792"}],"collection":[{"href":"http:\/\/www.sportdirigit.org\/es\/wp-json\/wp\/v2\/pages"}],"about":[{"href":"http:\/\/www.sportdirigit.org\/es\/wp-json\/wp\/v2\/types\/page"}],"author":[{"embeddable":true,"href":"http:\/\/www.sportdirigit.org\/es\/wp-json\/wp\/v2\/users\/1"}],"replies":[{"embeddable":true,"href":"http:\/\/www.sportdirigit.org\/es\/wp-json\/wp\/v2\/comments?post=792"}],"version-history":[{"count":3,"href":"http:\/\/www.sportdirigit.org\/es\/wp-json\/wp\/v2\/pages\/792\/revisions"}],"predecessor-version":[{"id":804,"href":"http:\/\/www.sportdirigit.org\/es\/wp-json\/wp\/v2\/pages\/792\/revisions\/804"}],"wp:attachment":[{"href":"http:\/\/www.sportdirigit.org\/es\/wp-json\/wp\/v2\/media?parent=792"}],"curies":[{"name":"wp","href":"https:\/\/api.w.org\/{rel}","templated":true}]}}