{"id":768,"date":"2019-08-01T22:46:25","date_gmt":"2019-08-01T22:46:25","guid":{"rendered":"http:\/\/www.sportdirigit.org\/?page_id=768"},"modified":"2019-08-05T21:50:21","modified_gmt":"2019-08-05T21:50:21","slug":"treballa-amb-nosaltres","status":"publish","type":"page","link":"https:\/\/www.sportdirigit.org\/en\/treballa-amb-nosaltres\/","title":{"rendered":"Work with us"},"content":{"rendered":"<div class=\"row row-collapse row-full-width align-center\"  id=\"row-2115560904\">\n<div class=\"col small-12 large-12\"  ><div class=\"col-inner text-center\"  >\n\t<section class=\"section dark\" id=\"section_2052574345\">\n\t\t<div class=\"bg section-bg fill bg-fill  \" >\n\n\t\t\t\n\t\t\t<div class=\"section-bg-overlay absolute fill\"><\/div>\n\t\t\t\n\t<div class=\"is-border\"\n\t\tstyle=\"border-width:0px 0px 0px 0px;\">\n\t<\/div>\n\n\t\t<\/div><!-- .section-bg -->\n\n\t\t<div class=\"section-content relative\">\n\t\t\t\n<div class=\"gap-element\" style=\"display:block; height:auto; padding-top:51px\" class=\"clearfix\"><\/div>\n<div class=\"row align-right\"  id=\"row-801950535\">\n<div class=\"col medium-7 small-12 large-7\"  ><div class=\"col-inner text-center dark\" style=\"padding:61px 0px 0px 0px;\" >\n<h3 style=\"text-align: left;\"><span style=\"font-size: 110%;\">WORK WITH US<\/span><\/h3>\n<div class=\"gap-element\" style=\"display:block; height:auto; padding-top:10px\" class=\"clearfix\"><\/div>\n<div role=\"form\" class=\"wpcf7\" id=\"wpcf7-f771-o1\" lang=\"es-ES\" dir=\"ltr\">\n<div class=\"screen-reader-response\"><p role=\"status\" aria-live=\"polite\" aria-atomic=\"true\"><\/p> <ul><\/ul><\/div>\n<form action=\"\/en\/wp-json\/wp\/v2\/pages\/768#wpcf7-f771-o1\" method=\"post\" class=\"wpcf7-form init\" novalidate=\"novalidate\" data-status=\"init\">\n<div style=\"display: none;\">\n<input type=\"hidden\" name=\"_wpcf7\" value=\"771\" \/>\n<input type=\"hidden\" name=\"_wpcf7_version\" value=\"5.3.2\" \/>\n<input type=\"hidden\" name=\"_wpcf7_locale\" value=\"es_ES\" \/>\n<input type=\"hidden\" name=\"_wpcf7_unit_tag\" value=\"wpcf7-f771-o1\" \/>\n<input type=\"hidden\" name=\"_wpcf7_container_post\" value=\"0\" \/>\n<input type=\"hidden\" name=\"_wpcf7_posted_data_hash\" value=\"\" \/>\n<\/div>\n<div class=\"form-flat\">\n<span class=\"wpcf7-form-control-wrap your-name\"><input type=\"text\" name=\"your-name\" value=\"\" size=\"40\" class=\"wpcf7-form-control wpcf7-text wpcf7-validates-as-required\" aria-required=\"true\" aria-invalid=\"false\" placeholder=\"Name*\" \/><\/span><\/p>\n<p><span class=\"wpcf7-form-control-wrap your-surname\"><input type=\"text\" name=\"your-surname\" value=\"\" size=\"40\" class=\"wpcf7-form-control wpcf7-text wpcf7-validates-as-required\" aria-required=\"true\" aria-invalid=\"false\" placeholder=\"Surname*\" \/><\/span><\/p>\n<p><span class=\"wpcf7-form-control-wrap your-email\"><input type=\"email\" name=\"your-email\" value=\"\" size=\"40\" class=\"wpcf7-form-control wpcf7-text wpcf7-email wpcf7-validates-as-required wpcf7-validates-as-email\" aria-required=\"true\" aria-invalid=\"false\" placeholder=\"E-mail*\" \/><\/span> <\/p>\n<p><span class=\"wpcf7-form-control-wrap your-city\"><input type=\"text\" name=\"your-city\" value=\"\" size=\"40\" class=\"wpcf7-form-control wpcf7-text wpcf7-validates-as-required\" aria-required=\"true\" aria-invalid=\"false\" placeholder=\"Town*\" \/><\/span><\/p>\n<p><span class=\"wpcf7-form-control-wrap your-phone\"><input type=\"tel\" name=\"your-phone\" value=\"\" size=\"40\" class=\"wpcf7-form-control wpcf7-text wpcf7-tel wpcf7-validates-as-tel\" aria-invalid=\"false\" placeholder=\"Phone\" \/><\/span> <\/p>\n<p><span class=\"wpcf7-form-control-wrap carnetmonitora\"><select name=\"carnetmonitora\" class=\"wpcf7-form-control wpcf7-select\" aria-invalid=\"false\"><option value=\"Do you have a monitor card?\">Do you have a monitor card?<\/option><option value=\"Si\">Si<\/option><option value=\"No\">No<\/option><option value=\"In progress\">In progress<\/option><\/select><\/span><\/p>\n<p><span class=\"wpcf7-form-control-wrap carnetconduir\"><select name=\"carnetconduir\" class=\"wpcf7-form-control wpcf7-select\" aria-invalid=\"false\"><option value=\"Do you have a driving license?\">Do you have a driving license?<\/option><option value=\"Si\">Si<\/option><option value=\"No\">No<\/option><option value=\"In progress\">In progress<\/option><option value=\"Yes, and I have my own vehicle (car)\">Yes, and I have my own vehicle (car)<\/option><\/select><\/span><\/p>\n<p><span class=\"wpcf7-form-control-wrap horari\"><select name=\"horari\" class=\"wpcf7-form-control wpcf7-select\" aria-invalid=\"false\"><option value=\"What time can you work?\">What time can you work?<\/option><option value=\"Morning\">Morning<\/option><option value=\"Noon\">Noon<\/option><option value=\"Afternoon\">Afternoon<\/option><option value=\"Others\">Others<\/option><\/select><\/span><\/p>\n<p><span class=\"wpcf7-form-control-wrap privacidad\"><span class=\"wpcf7-form-control wpcf7-acceptance\"><span class=\"wpcf7-list-item\"><input type=\"checkbox\" name=\"privacidad\" value=\"1\" aria-invalid=\"false\" \/><\/span><\/span><\/span> I read and accept the <a href=\"\/politica-de-privacitat\/\" target=\"_blank\"> privacy policy<\/a><\/p>\n<p><input type=\"submit\" value=\"Send\" class=\"wpcf7-form-control wpcf7-submit button\" \/>\n<\/p><\/div>\n<p><script>\ndocument.addEventListener( 'wpcf7mailsent', function( event ) {\n    location = '\/en\/thank-you\/';\n}, false );\n<\/script><\/p>\n<div class=\"wpcf7-response-output\" aria-hidden=\"true\"><\/div><\/form><\/div>\n<p class=\"argpd-informar-title\" style=\"text-align: left;\"><span style=\"font-size: 75%;\"><b>Informaci\u00f3n b\u00e1sica sobre protecci\u00f3n de datos<\/b><\/span><\/p>\n<p style=\"text-align: left;\"><span style=\"font-size: 75%;\"><b>Responsable<\/b>\u00a0D &amp; D Servicios Empresariales, S.L..<\/span><br \/>\n<span style=\"font-size: 75%;\"><strong>Finalidad<\/strong>\u00a0Obtenci\u00f3n de tu consentimiento para responder a la consulta que planteas a trav\u00e9s de este formulario..<\/span><br \/>\n<span style=\"font-size: 75%;\"><b>Legitimaci\u00f3n<\/b>\u00a0Tu consentimiento.<\/span><br \/>\n<span style=\"font-size: 75%;\"><b>Destinatarios<\/b>\u00a0D &amp; D Servicios Empresariales, S.L..<\/span><br \/>\n<span style=\"font-size: 75%;\"><b>Derechos<\/b>\u00a0Acceder, rectificar y suprimir los datos.<\/span><br \/>\n<span style=\"font-size: 75%;\"><b>Informaci\u00f3n Adicional<\/b>\u00a0Puede consultar la informaci\u00f3n detallada en\u00a0<a href=\"https:\/\/dydservicios.es\/aviso-legal\/\">https:\/\/dydservicios.es\/aviso-legal\/<\/a><\/span><\/p>\n<\/div><\/div>\n\n<style scope=\"scope\">\n\n#row-801950535 > .col > .col-inner {\n  padding: 0px 0px 0px 0;\n}\n<\/style>\n<\/div>\n\t\t<\/div><!-- .section-content -->\n\n\t\t\n<style scope=\"scope\">\n\n#section_2052574345 {\n  padding-top: 22px;\n  padding-bottom: 22px;\n  min-height: 900px;\n}\n#section_2052574345 .section-bg-overlay {\n  background-color: rgba(48, 68, 85, 0.74);\n}\n#section_2052574345 .section-bg.bg-loaded {\n  background-image: url(https:\/\/www.sportdirigit.org\/wp-content\/uploads\/2018\/12\/treballa-amb-nosaltres-2.jpg);\n}\n<\/style>\n\t<\/section>\n\t\n<\/div><\/div>\n\n<style scope=\"scope\">\n\n<\/style>\n<\/div>\n","protected":false},"excerpt":{"rendered":"","protected":false},"author":1,"featured_media":0,"parent":0,"menu_order":0,"comment_status":"closed","ping_status":"closed","template":"page-transparent-header.php","meta":[],"_links":{"self":[{"href":"https:\/\/www.sportdirigit.org\/en\/wp-json\/wp\/v2\/pages\/768"}],"collection":[{"href":"https:\/\/www.sportdirigit.org\/en\/wp-json\/wp\/v2\/pages"}],"about":[{"href":"https:\/\/www.sportdirigit.org\/en\/wp-json\/wp\/v2\/types\/page"}],"author":[{"embeddable":true,"href":"https:\/\/www.sportdirigit.org\/en\/wp-json\/wp\/v2\/users\/1"}],"replies":[{"embeddable":true,"href":"https:\/\/www.sportdirigit.org\/en\/wp-json\/wp\/v2\/comments?post=768"}],"version-history":[{"count":4,"href":"https:\/\/www.sportdirigit.org\/en\/wp-json\/wp\/v2\/pages\/768\/revisions"}],"predecessor-version":[{"id":831,"href":"https:\/\/www.sportdirigit.org\/en\/wp-json\/wp\/v2\/pages\/768\/revisions\/831"}],"wp:attachment":[{"href":"https:\/\/www.sportdirigit.org\/en\/wp-json\/wp\/v2\/media?parent=768"}],"curies":[{"name":"wp","href":"https:\/\/api.w.org\/{rel}","templated":true}]}}