{"id":772,"date":"2019-08-01T22:49:51","date_gmt":"2019-08-01T22:49:51","guid":{"rendered":"http:\/\/www.sportdirigit.org\/?page_id=772"},"modified":"2019-08-01T22:52:49","modified_gmt":"2019-08-01T22:52:49","slug":"contact-us","status":"publish","type":"page","link":"https:\/\/www.sportdirigit.org\/en\/contact-us\/","title":{"rendered":"Contact us"},"content":{"rendered":"<div class=\"row row-collapse row-full-width\"  id=\"row-95907140\">\n<div class=\"col medium-6 small-12 large-6\"  ><div class=\"col-inner text-center\"  >\n\t<section class=\"section dark\" id=\"section_1418079172\">\n\t\t<div class=\"bg section-bg fill bg-fill  \" >\n\n\t\t\t\n\t\t\t<div class=\"section-bg-overlay absolute fill\"><\/div>\n\t\t\t\n\t<div class=\"is-border\"\n\t\tstyle=\"border-width:0px 0px 0px 0px;\">\n\t<\/div>\n\n\t\t<\/div><!-- .section-bg -->\n\n\t\t<div class=\"section-content relative\">\n\t\t\t\n<div class=\"gap-element\" style=\"display:block; height:auto; padding-top:51px\" class=\"clearfix\"><\/div>\n<div class=\"row align-center\"  id=\"row-104198672\">\n<div class=\"col medium-11 small-12 large-11\"  ><div class=\"col-inner text-center dark\" style=\"padding:61px 0px 0px 0px;\" >\n<h3><span style=\"font-size: 110%;\">SEND YOUR REQUEST<\/span><\/h3>\n<div class=\"gap-element\" style=\"display:block; height:auto; padding-top:10px\" class=\"clearfix\"><\/div>\n<div role=\"form\" class=\"wpcf7\" id=\"wpcf7-f746-o1\" lang=\"es-ES\" dir=\"ltr\">\n<div class=\"screen-reader-response\"><p role=\"status\" aria-live=\"polite\" aria-atomic=\"true\"><\/p> <ul><\/ul><\/div>\n<form action=\"\/en\/wp-json\/wp\/v2\/pages\/772#wpcf7-f746-o1\" method=\"post\" class=\"wpcf7-form init\" novalidate=\"novalidate\" data-status=\"init\">\n<div style=\"display: none;\">\n<input type=\"hidden\" name=\"_wpcf7\" value=\"746\" \/>\n<input type=\"hidden\" name=\"_wpcf7_version\" value=\"5.3.2\" \/>\n<input type=\"hidden\" name=\"_wpcf7_locale\" value=\"es_ES\" \/>\n<input type=\"hidden\" name=\"_wpcf7_unit_tag\" value=\"wpcf7-f746-o1\" \/>\n<input type=\"hidden\" name=\"_wpcf7_container_post\" value=\"0\" \/>\n<input type=\"hidden\" name=\"_wpcf7_posted_data_hash\" value=\"\" \/>\n<\/div>\n<div class=\"form-flat\">\n<span class=\"wpcf7-form-control-wrap your-name\"><input type=\"text\" name=\"your-name\" value=\"\" size=\"40\" class=\"wpcf7-form-control wpcf7-text wpcf7-validates-as-required\" aria-required=\"true\" aria-invalid=\"false\" placeholder=\"Name*\" \/><\/span><\/p>\n<p><span class=\"wpcf7-form-control-wrap your-email\"><input type=\"email\" name=\"your-email\" value=\"\" size=\"40\" class=\"wpcf7-form-control wpcf7-text wpcf7-email wpcf7-validates-as-required wpcf7-validates-as-email\" aria-required=\"true\" aria-invalid=\"false\" placeholder=\"E-mail*\" \/><\/span> <\/p>\n<p><span class=\"wpcf7-form-control-wrap your-phone\"><input type=\"tel\" name=\"your-phone\" value=\"\" size=\"40\" class=\"wpcf7-form-control wpcf7-text wpcf7-tel wpcf7-validates-as-tel\" aria-invalid=\"false\" placeholder=\"Phone\" \/><\/span> <\/p>\n<p style=\"text-align: left;\"><span style=\"color: #ffffff;\"> Write your question here <\/span><br \/>\n<span class=\"wpcf7-form-control-wrap your-message\"><textarea name=\"your-message\" cols=\"40\" rows=\"10\" class=\"wpcf7-form-control wpcf7-textarea\" aria-invalid=\"false\"><\/textarea><\/span> <\/p>\n<p><span class=\"wpcf7-form-control-wrap privacidad\"><span class=\"wpcf7-form-control wpcf7-acceptance\"><span class=\"wpcf7-list-item\"><input type=\"checkbox\" name=\"privacidad\" value=\"1\" aria-invalid=\"false\" \/><\/span><\/span><\/span> I have read and accept the <a href=\"\/politica-de-privacitat\/\" target=\"_blank\"> privacy policy<\/a><\/p>\n<p><input type=\"submit\" value=\"Send\" class=\"wpcf7-form-control wpcf7-submit button\" \/>\n<\/p><\/div>\n<p><script>\ndocument.addEventListener( 'wpcf7mailsent', function( event ) {\n    location = '\/en\/thank-you\/';\n}, false );\n<\/script><\/p>\n<div class=\"wpcf7-response-output\" aria-hidden=\"true\"><\/div><\/form><\/div>\n<p class=\"argpd-informar-title\" style=\"text-align: left;\"><span style=\"font-size: 75%;\"><b>Informaci\u00f3n b\u00e1sica sobre protecci\u00f3n de datos<\/b><\/span><\/p>\n<p style=\"text-align: left;\"><span style=\"font-size: 75%;\"><strong>Responsible:<\/strong> SPORT DIRIGIT S.L.<br \/><strong>Purpose:<\/strong> Obtain your consent to respond to the question you raise through this form.<br \/><strong>Legitimation:<\/strong> Your consent.<br \/><strong>Recipients:<\/strong> SPORT DIRIGIT S.L.<br \/><strong>Rights:<\/strong> Access, rectify and delete data.<br \/><strong>Additional Information:<\/strong> You can check the detailed information at <a href=\"http:\/\/www.sportdirigit.org\/aviso-legal\/\" target=\"_blank\" rel=\"noopener\">http:\/\/www.sportdirigit.org\/aviso-legal\/<\/a>\u00a0<\/span><\/p>\n<\/div><\/div>\n\n<style scope=\"scope\">\n\n#row-104198672 > .col > .col-inner {\n  padding: 0px 55px 0px 55px;\n}\n<\/style>\n<\/div>\n\t\t<\/div><!-- .section-content -->\n\n\t\t\n<style scope=\"scope\">\n\n#section_1418079172 {\n  padding-top: 22px;\n  padding-bottom: 22px;\n  min-height: 900px;\n}\n#section_1418079172 .section-bg-overlay {\n  background-color: rgba(48, 68, 85, 0.74);\n}\n#section_1418079172 .section-bg.bg-loaded {\n  background-image: url(https:\/\/www.sportdirigit.org\/wp-content\/uploads\/2018\/12\/contacte.jpg);\n}\n<\/style>\n\t<\/section>\n\t\n<\/div><\/div>\n<div class=\"col medium-4 small-12 large-4\"  ><div class=\"col-inner\"  >\n\n  <div class=\"banner has-hover\" id=\"banner-104597544\">\n          <div class=\"banner-inner fill\">\n        <div class=\"banner-bg fill\" >\n            <div class=\"bg fill bg-fill \"><\/div>\n                                    \n                    <\/div><!-- bg-layers -->\n        <div class=\"banner-layers container\">\n            <div class=\"fill banner-link\"><\/div>            \n   <div id=\"text-box-132378782\" class=\"text-box banner-layer x50 md-x50 lg-x50 y95 md-y95 lg-y95 res-text\">\n                                <div class=\"text dark\">\n              \n              <div class=\"text-inner text-center\">\n                  \n<h2>OUR FACILITIES<\/h2>\n<p class=\"style1\" style=\"text-align: center;\" align=\"justify\"><span style=\"font-size: 160%;\">Sport Dirigit, S.L.<\/span><br \/><span style=\"font-size: 160%;\">Avda. Paraires n\u00ba26 escalera D Local 3<\/span><br \/><span style=\"font-size: 160%;\">08206 Sabadell (Barcelona)<\/span><\/p>\n<h3><span style=\"font-size: 120%;\"><strong>931 444 660<\/strong><\/span><\/h3>\n<p><iframe style=\"border: 0;\" src=\"https:\/\/www.google.com\/maps\/embed?pb=!1m14!1m8!1m3!1d11942.510473360302!2d2.0937295!3d41.5556594!3m2!1i1024!2i768!4f13.1!3m3!1m2!1s0x0%3A0x687a45617c2ddac8!2sD+%26+D+Servicios+Empresariales!5e0!3m2!1ses!2ses!4v1545048729692\" width=\"100%\" height=\"400\" frameborder=\"0\" allowfullscreen=\"allowfullscreen\" data-mce-fragment=\"1\"><\/iframe><\/p>\n<div class=\"gap-element\" style=\"display:block; height:auto; padding-top:10px\" class=\"clearfix\"><\/div>\n<div class=\"is-divider divider clearfix\" ><\/div><!-- .divider -->\n<h2><span style=\"font-size: 100%;\">CONTACT US<\/span><\/h2>\n<div class=\"social-icons follow-icons \" style=\"font-size:240%\"><a href=\"https:\/\/www.facebook.com\/sportdirigit\/\" target=\"_blank\" data-label=\"Facebook\"  rel=\"noopener noreferrer nofollow\" class=\"icon button circle is-outline facebook tooltip\" title=\"Follow on Facebook\"><i class=\"icon-facebook\" ><\/i><\/a><a href=\"https:\/\/www.instagram.com\/sportdirigit\/\" target=\"_blank\" rel=\"noopener noreferrer nofollow\" data-label=\"Instagram\" class=\"icon button circle is-outline  instagram tooltip\" title=\"Follow on Instagram\"><i class=\"icon-instagram\" ><\/i><\/a><a href=\"mailto:info@sportdirigit.org\" data-label=\"E-mail\"  rel=\"nofollow\" class=\"icon button circle is-outline  email tooltip\" title=\"Send us an email\"><i class=\"icon-envelop\" ><\/i><\/a><\/div>\n              <\/div>\n           <\/div><!-- text-box-inner -->\n                            \n<style scope=\"scope\">\n\n#text-box-132378782 {\n  width: 100%;\n}\n#text-box-132378782 .text {\n  font-size: 110%;\n}\n<\/style>\n    <\/div><!-- text-box -->\n \n        <\/div><!-- .banner-layers -->\n      <\/div><!-- .banner-inner -->\n\n            \n<style scope=\"scope\">\n\n#banner-104597544 {\n  padding-top: 900px;\n  background-color: #12aa9e;\n}\n<\/style>\n  <\/div><!-- .banner -->\n\n\n<\/div><\/div>\n<div class=\"col medium-2 small-12 large-2\"  ><div class=\"col-inner\"  >\n\n  <div class=\"banner has-hover\" id=\"banner-2057298163\">\n          <div class=\"banner-inner fill\">\n        <div class=\"banner-bg fill\" >\n            <div class=\"bg fill bg-fill \"><\/div>\n                        <div class=\"overlay\"><\/div>            \n                    <\/div><!-- bg-layers -->\n        <div class=\"banner-layers container\">\n            <div class=\"fill banner-link\"><\/div>            \n        <\/div><!-- .banner-layers -->\n      <\/div><!-- .banner-inner -->\n\n            \n<style scope=\"scope\">\n\n#banner-2057298163 {\n  padding-top: 401px;\n}\n#banner-2057298163 .bg.bg-loaded {\n  background-image: url(https:\/\/www.sportdirigit.org\/wp-content\/uploads\/2018\/12\/contacte-nena.jpg);\n}\n#banner-2057298163 .overlay {\n  background-color: rgba(0,0,0,.5);\n}\n\n\n@media (min-width:550px) {\n\n  #banner-2057298163 {\n    padding-top: 900px;\n  }\n\n}\n<\/style>\n  <\/div><!-- .banner -->\n\n\n<\/div><\/div>\n\n<style scope=\"scope\">\n\n<\/style>\n<\/div>\n","protected":false},"excerpt":{"rendered":"","protected":false},"author":1,"featured_media":0,"parent":0,"menu_order":0,"comment_status":"closed","ping_status":"closed","template":"page-transparent-header.php","meta":[],"_links":{"self":[{"href":"https:\/\/www.sportdirigit.org\/en\/wp-json\/wp\/v2\/pages\/772"}],"collection":[{"href":"https:\/\/www.sportdirigit.org\/en\/wp-json\/wp\/v2\/pages"}],"about":[{"href":"https:\/\/www.sportdirigit.org\/en\/wp-json\/wp\/v2\/types\/page"}],"author":[{"embeddable":true,"href":"https:\/\/www.sportdirigit.org\/en\/wp-json\/wp\/v2\/users\/1"}],"replies":[{"embeddable":true,"href":"https:\/\/www.sportdirigit.org\/en\/wp-json\/wp\/v2\/comments?post=772"}],"version-history":[{"count":3,"href":"https:\/\/www.sportdirigit.org\/en\/wp-json\/wp\/v2\/pages\/772\/revisions"}],"predecessor-version":[{"id":775,"href":"https:\/\/www.sportdirigit.org\/en\/wp-json\/wp\/v2\/pages\/772\/revisions\/775"}],"wp:attachment":[{"href":"https:\/\/www.sportdirigit.org\/en\/wp-json\/wp\/v2\/media?parent=772"}],"curies":[{"name":"wp","href":"https:\/\/api.w.org\/{rel}","templated":true}]}}