{"id":805,"date":"2019-08-05T21:24:42","date_gmt":"2019-08-05T21:24:42","guid":{"rendered":"http:\/\/www.sportdirigit.org\/?page_id=805"},"modified":"2019-08-05T21:25:54","modified_gmt":"2019-08-05T21:25:54","slug":"ocio","status":"publish","type":"page","link":"https:\/\/www.sportdirigit.org\/es\/ocio\/","title":{"rendered":"Ocio"},"content":{"rendered":"\n  <div class=\"banner has-hover\" id=\"banner-1213363213\">\n          <div class=\"banner-inner fill\">\n        <div class=\"banner-bg fill\" >\n            <div class=\"bg fill bg-fill \"><\/div>\n                        <div class=\"overlay\"><\/div>            \n                    <\/div><!-- bg-layers -->\n        <div class=\"banner-layers container\">\n            <div class=\"fill banner-link\"><\/div>            \n   <div id=\"text-box-961716780\" class=\"text-box banner-layer x50 md-x50 lg-x50 y90 md-y90 lg-y85 res-text\">\n                                <div class=\"text dark\">\n              \n              <div class=\"text-inner text-center\">\n                  \n<h1>Ocio<\/h1>\n<p><strong>SPORTDIRIGIT<\/strong> tiene una larga tradici\u00f3n en el mundo del ocio ofreciendo a nuestros clientes (Centros Educativos, AMPAS, Ayuntamientos y Entidades deportivas) CASALS, SUMMER&#8217;N&#8217;ENGLISH, COLONIAS, ESTANCIAS DEPORTIVAS&#8230;<\/p>\n              <\/div>\n           <\/div><!-- text-box-inner -->\n                            \n<style scope=\"scope\">\n\n#text-box-961716780 {\n  width: 89%;\n}\n#text-box-961716780 .text {\n  font-size: 100%;\n}\n\n\n@media (min-width:550px) {\n\n  #text-box-961716780 {\n    width: 82%;\n  }\n\n}\n<\/style>\n    <\/div><!-- text-box -->\n \n        <\/div><!-- .banner-layers -->\n      <\/div><!-- .banner-inner -->\n\n            \n<style scope=\"scope\">\n\n#banner-1213363213 {\n  padding-top: 402px;\n}\n#banner-1213363213 .bg.bg-loaded {\n  background-image: url(https:\/\/www.sportdirigit.org\/wp-content\/uploads\/2018\/12\/lleure-sport-dirigit-1.jpg);\n}\n#banner-1213363213 .overlay {\n  background-color: rgba(45, 51, 63, 0.62);\n}\n#banner-1213363213 .bg {\n  background-position: 50%45%;\n}\n\n\n@media (min-width:550px) {\n\n  #banner-1213363213 {\n    padding-top: 340px;\n  }\n\n}\n<\/style>\n  <\/div><!-- .banner -->\n\n\n\t<section class=\"section\" id=\"section_457748051\">\n\t\t<div class=\"bg section-bg fill bg-fill  bg-loaded\" >\n\n\t\t\t\n\t\t\t\n\t\t\t\n\n\t\t<\/div><!-- .section-bg -->\n\n\t\t<div class=\"section-content relative\">\n\t\t\t\n<div class=\"row align-center\"  id=\"row-862726789\">\n<div class=\"col small-9 large-12\"  ><div class=\"col-inner\"  >\n<h4 style=\"text-align: left;\"><span style=\"font-size: 140%;\"><img loading=\"lazy\" class=\"wp-image-44 size-full alignleft\" src=\"http:\/\/www.sportdirigit.org\/wp-content\/uploads\/2018\/11\/activitats-coescolars-icon.png\" alt=\"\" width=\"140\" height=\"140\" srcset=\"https:\/\/www.sportdirigit.org\/wp-content\/uploads\/2018\/11\/activitats-coescolars-icon.png 140w, https:\/\/www.sportdirigit.org\/wp-content\/uploads\/2018\/11\/activitats-coescolars-icon-100x100.png 100w\" sizes=\"(max-width: 140px) 100vw, 140px\" \/>En cualquiera de las modalidades siempre intentamos dar el mejor servicio, desarrollando programaciones adecuadas a las edades de cada una de las diferentes actividades<br \/>\n<\/span><\/h4>\n<p>aportando los profesionales con la titulaci\u00f3n adecuada para llevarlas a cabo. Siempre partiendo de la base de que el protagonista es el y la participante.<\/p>\n<hr \/>\n<p>Todas nuestras actividades de ocio tienen un talante y estilo com\u00fan que se caracteriza con estos aspectos:<\/p>\n<ul>\n<li>El recurso constante a la raz\u00f3n y el di\u00e1logo<\/li>\n<li>Una actitud acogedora, que favorezca la confianza y la integraci\u00f3n<\/li>\n<li>Una <strong>amistad y esp\u00edritu de familia que faciliten la convivencia<\/strong><\/li>\n<li>El optimismo y la alegr\u00eda, que impriman en todas las relaciones un estilo juvenil<\/li>\n<li>Una convivencia constante entre ni\u00f1os, j\u00f3venes, educadores y familias<\/li>\n<\/ul>\n<p>Y donde los objetivos generales es suelen basar en:<\/p>\n<ul>\n<li><strong>Favorecer el crecimiento y desarrollo del ni\u00f1o y el \/ la joven<\/strong><\/li>\n<\/ul>\n<ul>\n<li><strong>Potenciar valores como la solidaridad, la confianza, la cooperaci\u00f3n, la compa\u00f1\u00eda y el respeto<\/strong><\/li>\n<\/ul>\n<ul>\n<li><strong>Potenciar la lengua inglesa<\/strong>.*<\/li>\n<\/ul>\n<ul>\n<li><strong>Aprender a respetar lo que nos rodea, trabajando el cotidiano.<\/strong><\/li>\n<\/ul>\n<ul>\n<li><strong>Ayudar y saber pedir ayuda cuando necesitamos.<\/li>\n<\/ul>\n<ul>\n<li><strong>Potenciar las relaciones interpersonales.<\/strong>.<\/li>\n<\/ul>\n<ul>\n<li>Aprender a jugar y trabajar en grupo.<\/li>\n<\/ul>\n<ul>\n<li><strong>Disfrutar del juego<\/strong>.<\/li>\n<\/ul>\n<ul>\n<li><strong>Trabajar el cotidiano en el tiempo de ocio.<\/li>\n<\/ul>\n<ul>\n<li><strong>Potenciar la creatividad.<\/strong>.<\/li>\n<\/ul>\n<ul>\n<li><strong>Conocer nuevas formas de divertirse.<\/strong>.<\/li>\n<\/ul>\n<ul>\n<li><strong>Integrarse e interrelacionarse con el medio m\u00e1s cercano.<\/li>\n<\/ul>\n<\/div><\/div>\n\n<style scope=\"scope\">\n\n<\/style>\n<\/div>\n\t\t<\/div><!-- .section-content -->\n\n\t\t\n<style scope=\"scope\">\n\n#section_457748051 {\n  padding-top: 40px;\n  padding-bottom: 40px;\n}\n\n\n@media (min-width:550px) {\n\n  #section_457748051 {\n    padding-top: 40px;\n    padding-bottom: 40px;\n  }\n\n}\n<\/style>\n\t<\/section>\n\t\n\n  <div class=\"banner has-hover\" id=\"banner-14298630\">\n          <div class=\"banner-inner fill\">\n        <div class=\"banner-bg fill\" >\n            <div class=\"bg fill bg-fill \"><\/div>\n                        <div class=\"overlay\"><\/div>            \n                    <\/div><!-- bg-layers -->\n        <div class=\"banner-layers container\">\n            <div class=\"fill banner-link\"><\/div>            \n   <div id=\"text-box-1657037502\" class=\"text-box banner-layer x50 md-x50 lg-x50 y50 md-y50 lg-y50 res-text\">\n                                <div class=\"text dark\">\n              \n              <div class=\"text-inner text-center\">\n                  \n<h2 style=\"text-align: center;\"><span style=\"font-size: 85%;\"> Contacta con nosotros para m\u00e1s informaci\u00f3n<\/span><\/h2>\n<div class=\"gap-element\" style=\"display:block; height:auto; padding-top:16px\" class=\"clearfix\"><\/div>\n<a rel=\"noopener noreferrer\" href=\"http:\/\/www.sportdirigit.org\/wp-content\/uploads\/2018\/12\/LLEURE-SPORT-DIRIGIT-.pdf\" target=\"_blank\" class=\"button white is-outline\"  style=\"border-radius:99px;\">\n    <span>descargar pdf informativo<\/span>\n  <\/a>\n\n<a href=\"\/contacte\/\" target=\"_self\" class=\"button white is-outline\"  style=\"border-radius:99px;\">\n    <span>contacto<\/span>\n  <\/a>\n\n              <\/div>\n           <\/div><!-- text-box-inner -->\n                            \n<style scope=\"scope\">\n\n#text-box-1657037502 {\n  width: 74%;\n}\n#text-box-1657037502 .text {\n  font-size: 100%;\n}\n<\/style>\n    <\/div><!-- text-box -->\n \n        <\/div><!-- .banner-layers -->\n      <\/div><!-- .banner-inner -->\n\n            \n<style scope=\"scope\">\n\n#banner-14298630 {\n  padding-top: 320px;\n}\n#banner-14298630 .overlay {\n  background-color: rgba(18,170,158,0.15);\n}\n\n\n@media (min-width:550px) {\n\n  #banner-14298630 {\n    padding-top: 220px;\n  }\n\n}\n<\/style>\n  <\/div><!-- .banner -->\n\n\n","protected":false},"excerpt":{"rendered":"","protected":false},"author":1,"featured_media":0,"parent":0,"menu_order":0,"comment_status":"closed","ping_status":"closed","template":"page-transparent-header.php","meta":[],"_links":{"self":[{"href":"https:\/\/www.sportdirigit.org\/es\/wp-json\/wp\/v2\/pages\/805"}],"collection":[{"href":"https:\/\/www.sportdirigit.org\/es\/wp-json\/wp\/v2\/pages"}],"about":[{"href":"https:\/\/www.sportdirigit.org\/es\/wp-json\/wp\/v2\/types\/page"}],"author":[{"embeddable":true,"href":"https:\/\/www.sportdirigit.org\/es\/wp-json\/wp\/v2\/users\/1"}],"replies":[{"embeddable":true,"href":"https:\/\/www.sportdirigit.org\/es\/wp-json\/wp\/v2\/comments?post=805"}],"version-history":[{"count":3,"href":"https:\/\/www.sportdirigit.org\/es\/wp-json\/wp\/v2\/pages\/805\/revisions"}],"predecessor-version":[{"id":809,"href":"https:\/\/www.sportdirigit.org\/es\/wp-json\/wp\/v2\/pages\/805\/revisions\/809"}],"wp:attachment":[{"href":"https:\/\/www.sportdirigit.org\/es\/wp-json\/wp\/v2\/media?parent=805"}],"curies":[{"name":"wp","href":"https:\/\/api.w.org\/{rel}","templated":true}]}}